{"id":22,"date":"2023-06-15T03:45:10","date_gmt":"2023-06-15T03:45:10","guid":{"rendered":"https:\/\/apocalipsis.pe\/?post_type=product&#038;p=22"},"modified":"2024-09-04T22:16:35","modified_gmt":"2024-09-04T22:16:35","slug":"whey-gold-pro-6-6-lb","status":"publish","type":"product","link":"https:\/\/apocalipsis.pe\/?product=whey-gold-pro-6-6-lb","title":{"rendered":"Whey Gold PRO 6.6 Lb"},"content":{"rendered":"<p>WHEY GOLD PRO es una prote\u00edna que est\u00e1 formada por suero de leche de la m\u00e1s alta calidad y una mezcla \u00fanica entre glutamina y amino\u00e1cidos ramificados (BCAA\u00b4s) los cuales son impresindibles cuando se realiza actividad f\u00edsica.<\/p>\n<p>WHEY GOLD PRO es un producto que puede ser tomado por todo aquel que realice una actividad f\u00edsica ya sea a nivel amateur o profesional.<\/p>\n<ul>\n<li>24 gramos de prote\u00edna por scoop<\/li>\n<li>100 servicios<\/li>\n<li>Bajo en grasas y carbohidratos<\/li>\n<li>Amino\u00e1cidos y glutamina<\/li>\n<li>Libre de Gluten<\/li>\n<li>GMP- Good manufacturing practices<\/li>\n<\/ul>\n","protected":false},"excerpt":{"rendered":"<ul>\n<li>24 gramos de prote\u00edna por scoop<\/li>\n<li>100 servicios<\/li>\n<li>Bajo en grasas y carbohidratos<\/li>\n<li>Amino\u00e1cidos y glutamina<\/li>\n<li>Libre de Gluten<\/li>\n<li>GMP- Good manufacturing practices<\/li>\n<\/ul>\n","protected":false},"featured_media":1333,"comment_status":"open","ping_status":"closed","template":"","meta":[],"product_cat":[16,36],"product_tag":[],"aioseo_notices":[],"_links":{"self":[{"href":"https:\/\/apocalipsis.pe\/index.php?rest_route=\/wp\/v2\/product\/22"}],"collection":[{"href":"https:\/\/apocalipsis.pe\/index.php?rest_route=\/wp\/v2\/product"}],"about":[{"href":"https:\/\/apocalipsis.pe\/index.php?rest_route=\/wp\/v2\/types\/product"}],"replies":[{"embeddable":true,"href":"https:\/\/apocalipsis.pe\/index.php?rest_route=%2Fwp%2Fv2%2Fcomments&post=22"}],"version-history":[{"count":3,"href":"https:\/\/apocalipsis.pe\/index.php?rest_route=\/wp\/v2\/product\/22\/revisions"}],"predecessor-version":[{"id":28733,"href":"https:\/\/apocalipsis.pe\/index.php?rest_route=\/wp\/v2\/product\/22\/revisions\/28733"}],"wp:featuredmedia":[{"embeddable":true,"href":"https:\/\/apocalipsis.pe\/index.php?rest_route=\/wp\/v2\/media\/1333"}],"wp:attachment":[{"href":"https:\/\/apocalipsis.pe\/index.php?rest_route=%2Fwp%2Fv2%2Fmedia&parent=22"}],"wp:term":[{"taxonomy":"product_cat","embeddable":true,"href":"https:\/\/apocalipsis.pe\/index.php?rest_route=%2Fwp%2Fv2%2Fproduct_cat&post=22"},{"taxonomy":"product_tag","embeddable":true,"href":"https:\/\/apocalipsis.pe\/index.php?rest_route=%2Fwp%2Fv2%2Fproduct_tag&post=22"}],"curies":[{"name":"wp","href":"https:\/\/api.w.org\/{rel}","templated":true}]}}