{"id":1635,"date":"2023-07-12T21:18:08","date_gmt":"2023-07-12T21:18:08","guid":{"rendered":"https:\/\/apocalipsis.pe\/?post_type=product&#038;p=1635"},"modified":"2024-09-04T20:43:45","modified_gmt":"2024-09-04T20:43:45","slug":"amino-x-1-kg-bsn","status":"publish","type":"product","link":"https:\/\/apocalipsis.pe\/?product=amino-x-1-kg-bsn","title":{"rendered":"Amino X, 1Kg &#8211; BSN"},"content":{"rendered":"<h2 class=\"product-overview__info-header\">Dise\u00f1ado para ayudar a su cuerpo a recuperarse del entrenamiento de hoy y prepararse para el de ma\u00f1ana.<\/h2>\n<div class=\"product-overview__info-text\">\n<p>AMINOx\u00ae es una f\u00f3rmula de BCAA libre de estimulantes dise\u00f1ada para apoyar la resistencia durante su entrenamiento y ayudar en la recuperaci\u00f3n muscular despu\u00e9s del entrenamiento, para que pueda llevar su rendimiento al siguiente nivel.* Con una mezcla de 10 gramos de BCAA esenciales y los amino\u00e1cidos, L -Alanina, taurina y L-citrulina, AMINOx\u00ae ayudar\u00e1 a su cuerpo a recuperarse del entrenamiento de hoy y prepararse para el ma\u00f1ana.* AMINOx\u00ae, que se ofrece en cinco sabores refrescantes, le brinda un soporte nutricional vers\u00e1til para cualquier tipo de r\u00e9gimen de entrenamiento.<\/p>\n<p>Cada porci\u00f3n contiene una mezcla de 10 gramos de BCAA esenciales y los amino\u00e1cidos L-alanina, taurina y L-citrulina.<\/p>\n<\/div>\n","protected":false},"excerpt":{"rendered":"<p>&nbsp;<\/p>\n<p><strong>Objetivos:<\/strong><\/p>\n<ul>\n<li>Te ayuda a dar energ\u00eda<\/li>\n<li>Te da enfoque, concentraci\u00f3n para el entrenamiento y actividades diarias<\/li>\n<li>Ayuda a mantener la masa muscular<\/li>\n<\/ul>\n<p><strong>Presentaci\u00f3n:<\/strong><\/p>\n<ul>\n<li>Presentaci\u00f3n de 1 kg<\/li>\n<li>Servicios: 70 tomas<\/li>\n<li>Sabor: Sand\u00eda y Fruit Punch<\/li>\n<li>10g de BCAA micronizados y los amino\u00e1cidos esenciales L-Alanina, Taurina y L-Citrulina por raci\u00f3n.<\/li>\n<li>Zero sugar<\/li>\n<li>No cafe\u00edna<\/li>\n<\/ul>\n","protected":false},"featured_media":1641,"comment_status":"open","ping_status":"closed","template":"","meta":[],"product_cat":[31,63],"product_tag":[],"aioseo_notices":[],"_links":{"self":[{"href":"https:\/\/apocalipsis.pe\/index.php?rest_route=\/wp\/v2\/product\/1635"}],"collection":[{"href":"https:\/\/apocalipsis.pe\/index.php?rest_route=\/wp\/v2\/product"}],"about":[{"href":"https:\/\/apocalipsis.pe\/index.php?rest_route=\/wp\/v2\/types\/product"}],"replies":[{"embeddable":true,"href":"https:\/\/apocalipsis.pe\/index.php?rest_route=%2Fwp%2Fv2%2Fcomments&post=1635"}],"version-history":[{"count":3,"href":"https:\/\/apocalipsis.pe\/index.php?rest_route=\/wp\/v2\/product\/1635\/revisions"}],"predecessor-version":[{"id":28657,"href":"https:\/\/apocalipsis.pe\/index.php?rest_route=\/wp\/v2\/product\/1635\/revisions\/28657"}],"wp:featuredmedia":[{"embeddable":true,"href":"https:\/\/apocalipsis.pe\/index.php?rest_route=\/wp\/v2\/media\/1641"}],"wp:attachment":[{"href":"https:\/\/apocalipsis.pe\/index.php?rest_route=%2Fwp%2Fv2%2Fmedia&parent=1635"}],"wp:term":[{"taxonomy":"product_cat","embeddable":true,"href":"https:\/\/apocalipsis.pe\/index.php?rest_route=%2Fwp%2Fv2%2Fproduct_cat&post=1635"},{"taxonomy":"product_tag","embeddable":true,"href":"https:\/\/apocalipsis.pe\/index.php?rest_route=%2Fwp%2Fv2%2Fproduct_tag&post=1635"}],"curies":[{"name":"wp","href":"https:\/\/api.w.org\/{rel}","templated":true}]}}