{"id":1624,"date":"2023-07-12T20:43:06","date_gmt":"2023-07-12T20:43:06","guid":{"rendered":"https:\/\/apocalipsis.pe\/?post_type=product&#038;p=1624"},"modified":"2024-09-05T04:48:38","modified_gmt":"2024-09-05T04:48:38","slug":"psychotic-35-servicios","status":"publish","type":"product","link":"https:\/\/apocalipsis.pe\/?product=psychotic-35-servicios","title":{"rendered":"Psychotic 35 servicios"},"content":{"rendered":"<p>INSANE LABZ PSYCHOTIC El pre-entrenamiento en polvo m\u00e1s potente jam\u00e1s hecho!<\/p>\n<p>Con la adici\u00f3n del ingrediente de marca registrada Ampiberry que prolonga la vida de los ingredientes estimulantes por m\u00e1s de 3 horas.<br \/>\nSolo para atletas de el\u00edte, Est\u00e1 hecho para el atleta de \u00e9lite y no debe ser utilizado por los principiantes.<\/p>\n<p>Energ\u00eda extrema, Una cucharada de este producto se compara con 3-4 cucharadas de cualquiera de los principales polvos pre-entrenos en el mercado.<\/p>\n<p>Alta calidad y sorprendentes sabores, Psychotic viene en varios sabores sorprendentes y est\u00e1 certificado por cGMP donde se somete a pruebas microbiol\u00f3gicas estrictas para asegurar que su producto es un pre \u2013 entreno de alta calidad.<\/p>\n","protected":false},"excerpt":{"rendered":"<p>Psychotic de Insane Labz es el pre-entrenamiento en polvo mas poderoso.<\/p>\n<p>BENEFICIOS:<\/p>\n<ul>\n<li>Para usuarios AVANZADOS<\/li>\n<li>Energ\u00eda explosiva<\/li>\n<li>Energ\u00eda sostenida<\/li>\n<li>Aumenta la fuerza<\/li>\n<li>Reduce la fatiga<\/li>\n<\/ul>\n","protected":false},"featured_media":28743,"comment_status":"open","ping_status":"closed","template":"","meta":[],"product_cat":[65,35],"product_tag":[],"aioseo_notices":[],"_links":{"self":[{"href":"https:\/\/apocalipsis.pe\/index.php?rest_route=\/wp\/v2\/product\/1624"}],"collection":[{"href":"https:\/\/apocalipsis.pe\/index.php?rest_route=\/wp\/v2\/product"}],"about":[{"href":"https:\/\/apocalipsis.pe\/index.php?rest_route=\/wp\/v2\/types\/product"}],"replies":[{"embeddable":true,"href":"https:\/\/apocalipsis.pe\/index.php?rest_route=%2Fwp%2Fv2%2Fcomments&post=1624"}],"version-history":[{"count":2,"href":"https:\/\/apocalipsis.pe\/index.php?rest_route=\/wp\/v2\/product\/1624\/revisions"}],"predecessor-version":[{"id":28741,"href":"https:\/\/apocalipsis.pe\/index.php?rest_route=\/wp\/v2\/product\/1624\/revisions\/28741"}],"wp:featuredmedia":[{"embeddable":true,"href":"https:\/\/apocalipsis.pe\/index.php?rest_route=\/wp\/v2\/media\/28743"}],"wp:attachment":[{"href":"https:\/\/apocalipsis.pe\/index.php?rest_route=%2Fwp%2Fv2%2Fmedia&parent=1624"}],"wp:term":[{"taxonomy":"product_cat","embeddable":true,"href":"https:\/\/apocalipsis.pe\/index.php?rest_route=%2Fwp%2Fv2%2Fproduct_cat&post=1624"},{"taxonomy":"product_tag","embeddable":true,"href":"https:\/\/apocalipsis.pe\/index.php?rest_route=%2Fwp%2Fv2%2Fproduct_tag&post=1624"}],"curies":[{"name":"wp","href":"https:\/\/api.w.org\/{rel}","templated":true}]}}