{"id":1589,"date":"2023-07-09T20:55:58","date_gmt":"2023-07-09T20:55:58","guid":{"rendered":"https:\/\/apocalipsis.pe\/?post_type=product&#038;p=1589"},"modified":"2024-09-04T22:07:04","modified_gmt":"2024-09-04T22:07:04","slug":"prostar-whey-5-2lb","status":"publish","type":"product","link":"https:\/\/apocalipsis.pe\/?product=prostar-whey-5-2lb","title":{"rendered":"Prostar Whey 5.2 LB"},"content":{"rendered":"<p><strong>Objetivos:<\/strong><\/p>\n<ul>\n<li>Ideal para complementar tu nutrici\u00f3n<\/li>\n<li>Contribuye al aumento de la masa muscular<\/li>\n<li>Ideal para la etapa de definici\u00f3n muscular<\/li>\n<li>Recuperaci\u00f3n post-entrenamiento<\/li>\n<\/ul>\n<p><strong>Presentaci\u00f3n y duraci\u00f3n:<\/strong><\/p>\n<ul>\n<li>Sabor Chocolate creme: 80 servicios<\/li>\n<li>Sabor Vainilla creme: 80 servicios<\/li>\n<li>La tabla nutricional var\u00eda de acuerdo al sabor<\/li>\n<\/ul>\n<p><strong>Caracter\u00edsticas:<\/strong><\/p>\n<ul>\n<li>Prote\u00edna concentrado de suero de leche<\/li>\n<li>Prote\u00edna de f\u00e1cil absorci\u00f3n<\/li>\n<li>25g de prote\u00ednas por scoop<\/li>\n<li>6g de BCAA<\/li>\n<li>Libre de gluten<\/li>\n<\/ul>\n<p><strong>Modo de empleo:<\/strong><\/p>\n<ul>\n<li>1 scoop disuelto de 250ml o 300ml con agua a tiempo<\/li>\n<li>En caso de entrenar consumirlo al finalizar su rutina<\/li>\n<li>Los d\u00edas de no entrenamiento tomar un scoop en las ma\u00f1anas (desayunos) ya sea en agua, batido de frutas o pancakes.<\/li>\n<\/ul>\n<p>&nbsp;<\/p>\n<p><strong>Advertencias y precauciones:<\/strong><\/p>\n<p>PROSTAR 100% WHEY PROTEIN Chocolate Creme (DE-2724). PROSTAR 100% WHEY PROTEIN Vanilla Creme (DE-2813). Suplemento Nutricional. No debe utilizarse como sustituto de una dieta equilibrada. No superar la dosis diaria expresamente recomendada. Si experimenta erupci\u00f3n cut\u00e1nea u otra reacci\u00f3n al\u00e9rgica, suspenda su uso y consulte a su m\u00e9dico. Este producto no debe ser utilizado por personas menores de 18 a\u00f1os de edad.<\/p>\n","protected":false},"excerpt":{"rendered":"<p><strong>Objetivos:<\/strong><\/p>\n<ul>\n<li>Ideal para complementar tu nutrici\u00f3n<\/li>\n<li>Contribuye al aumento de la masa muscular<\/li>\n<li>Ideal para la etapa de definici\u00f3n muscular<\/li>\n<li>Recuperaci\u00f3n post-entrenamiento<\/li>\n<\/ul>\n<p><strong>Presentaci\u00f3n y duraci\u00f3n:<\/strong><\/p>\n<ul>\n<li>Sabor Chocolate creme: 80 servicios<\/li>\n<li>Sabor Vainilla creme: 80 servicios<\/li>\n<\/ul>\n","protected":false},"featured_media":1592,"comment_status":"open","ping_status":"closed","template":"","meta":[],"product_cat":[36,18],"product_tag":[],"aioseo_notices":[],"_links":{"self":[{"href":"https:\/\/apocalipsis.pe\/index.php?rest_route=\/wp\/v2\/product\/1589"}],"collection":[{"href":"https:\/\/apocalipsis.pe\/index.php?rest_route=\/wp\/v2\/product"}],"about":[{"href":"https:\/\/apocalipsis.pe\/index.php?rest_route=\/wp\/v2\/types\/product"}],"replies":[{"embeddable":true,"href":"https:\/\/apocalipsis.pe\/index.php?rest_route=%2Fwp%2Fv2%2Fcomments&post=1589"}],"version-history":[{"count":4,"href":"https:\/\/apocalipsis.pe\/index.php?rest_route=\/wp\/v2\/product\/1589\/revisions"}],"predecessor-version":[{"id":28709,"href":"https:\/\/apocalipsis.pe\/index.php?rest_route=\/wp\/v2\/product\/1589\/revisions\/28709"}],"wp:featuredmedia":[{"embeddable":true,"href":"https:\/\/apocalipsis.pe\/index.php?rest_route=\/wp\/v2\/media\/1592"}],"wp:attachment":[{"href":"https:\/\/apocalipsis.pe\/index.php?rest_route=%2Fwp%2Fv2%2Fmedia&parent=1589"}],"wp:term":[{"taxonomy":"product_cat","embeddable":true,"href":"https:\/\/apocalipsis.pe\/index.php?rest_route=%2Fwp%2Fv2%2Fproduct_cat&post=1589"},{"taxonomy":"product_tag","embeddable":true,"href":"https:\/\/apocalipsis.pe\/index.php?rest_route=%2Fwp%2Fv2%2Fproduct_tag&post=1589"}],"curies":[{"name":"wp","href":"https:\/\/api.w.org\/{rel}","templated":true}]}}